{"id":190,"date":"2020-06-20T22:49:41","date_gmt":"2020-06-21T03:49:41","guid":{"rendered":"https:\/\/agroguatapuri.com\/?page_id=190"},"modified":"2020-06-20T22:51:41","modified_gmt":"2020-06-21T03:51:41","slug":"filosofia","status":"publish","type":"page","link":"https:\/\/agroguatapuri.com\/index.php\/nosotros\/filosofia\/","title":{"rendered":"FILOSOF\u00cdA"},"content":{"rendered":"\t\t<div data-elementor-type=\"wp-page\" data-elementor-id=\"190\" class=\"elementor elementor-190\" data-elementor-post-type=\"page\">\n\t\t\t\t\t\t<section class=\"elementor-section elementor-top-section elementor-element elementor-element-483ba6 elementor-section-content-middle elementor-section-boxed elementor-section-height-default elementor-section-height-default\" data-id=\"483ba6\" data-element_type=\"section\" data-e-type=\"section\">\n\t\t\t\t\t\t<div class=\"elementor-container elementor-column-gap-no\">\n\t\t\t\t\t<div class=\"elementor-column elementor-col-100 elementor-top-column elementor-element elementor-element-224bf919\" data-id=\"224bf919\" data-element_type=\"column\" data-e-type=\"column\">\n\t\t\t<div class=\"elementor-widget-wrap elementor-element-populated\">\n\t\t\t\t\t\t<div class=\"elementor-element elementor-element-2e361a24 elementor-widget elementor-widget-heading\" data-id=\"2e361a24\" data-element_type=\"widget\" data-e-type=\"widget\" data-widget_type=\"heading.default\">\n\t\t\t\t\t<h4 class=\"elementor-heading-title elementor-size-default\">FILOSOF\u00cdA<\/h4>\t\t\t\t<\/div>\n\t\t\t\t<div class=\"elementor-element elementor-element-74e19f2e elementor-widget elementor-widget-text-editor\" data-id=\"74e19f2e\" data-element_type=\"widget\" data-e-type=\"widget\" data-widget_type=\"text-editor.default\">\n\t\t\t\t\t\t\t\t\t<h3><strong><span style=\"color: #ff6600;\">MISI\u00d3N<\/span><\/strong><\/h3><h3>\u00a0<\/h3><h3><strong><span style=\"color: #ff6600;\">Satisfacer los requerimientos y necesidades de nuestros clientes en lo concerniente a productos agropecuarios y todo lo relacionado con el campo, mediante un insuperable servicio, una oferta de productos de calidad, a unos precios asequibles, que les permita su desarrollo empresarial.<\/span><\/strong><\/h3><h3>\u00a0<\/h3><h3><strong><span style=\"color: #ff6600;\">Y por otra parte, propender por la viabilizaci\u00f3n econ\u00f3mica de nuestros proveedores agropecuarios apoy\u00e1ndolos comercial, t\u00e9cnica y financieramente en sus actividades, con nuestro equipo humano altamente calificado, fundamentado en la honestidad y la transparencia.<\/span><\/strong><\/h3><h3>\u00a0<\/h3><h3><strong><span style=\"color: #ff6600;\">VISI\u00d3N<\/span><\/strong><\/h3><h3>\u00a0<\/h3><h3><strong><span style=\"color: #ff6600;\">Para el 2025 nos consolidaremos como la comercializadora agropecuaria l\u00edder a nivel nacional, ofreciendo tambi\u00e9n a nuestros proveedores un mercado internacional serio y constante.<\/span><\/strong><\/h3><h3>\u00a0<\/h3><h3><strong><span style=\"color: #ff6600;\">Procuraremos para ese a\u00f1o, ser un gran aporte a la generaci\u00f3n de empleo y desarrollo social en las zonas donde operamos; basados en la motivaci\u00f3n, creatividad, y profesionalismo de nuestro talento humano.<\/span><\/strong><\/h3>\t\t\t\t\t\t\t\t<\/div>\n\t\t\t\t<section class=\"elementor-section elementor-inner-section elementor-element elementor-element-663ead7e elementor-section-content-middle elementor-section-boxed elementor-section-height-default elementor-section-height-default\" data-id=\"663ead7e\" data-element_type=\"section\" data-e-type=\"section\">\n\t\t\t\t\t\t<div class=\"elementor-container elementor-column-gap-no\">\n\t\t\t\t\t<div class=\"elementor-column elementor-col-100 elementor-inner-column elementor-element elementor-element-4c797c8f\" data-id=\"4c797c8f\" data-element_type=\"column\" data-e-type=\"column\">\n\t\t\t<div class=\"elementor-widget-wrap elementor-element-populated\">\n\t\t\t\t\t\t<div class=\"elementor-element elementor-element-9fbafbe elementor-align-center elementor-widget elementor-widget-button\" data-id=\"9fbafbe\" data-element_type=\"widget\" data-e-type=\"widget\" data-widget_type=\"button.default\">\n\t\t\t\t\t\t\t\t\t\t<a class=\"elementor-button elementor-button-link elementor-size-sm elementor-animation-grow\" href=\"#\">\n\t\t\t\t\t\t<span class=\"elementor-button-content-wrapper\">\n\t\t\t\t\t\t\t\t\t<span class=\"elementor-button-text\">Read More<\/span>\n\t\t\t\t\t<\/span>\n\t\t\t\t\t<\/a>\n\t\t\t\t\t\t\t\t<\/div>\n\t\t\t\t\t<\/div>\n\t\t<\/div>\n\t\t\t\t\t<\/div>\n\t\t<\/section>\n\t\t\t\t\t<\/div>\n\t\t<\/div>\n\t\t\t\t\t<\/div>\n\t\t<\/section>\n\t\t\t\t<\/div>\n\t\t","protected":false},"excerpt":{"rendered":"<p>FILOSOF\u00cdA MISI\u00d3N \u00a0 Satisfacer los requerimientos y necesidades de nuestros clientes en lo concerniente a productos agropecuarios y todo lo relacionado con el campo, mediante un insuperable servicio, una oferta de productos de calidad, a unos precios asequibles, que les permita su desarrollo empresarial. \u00a0 Y por otra parte, propender por la viabilizaci\u00f3n econ\u00f3mica de [&hellip;]<\/p>\n","protected":false},"author":2,"featured_media":0,"parent":185,"menu_order":1,"comment_status":"closed","ping_status":"closed","template":"","meta":{"_acf_changed":false,"_bbp_topic_count":0,"_bbp_reply_count":0,"_bbp_total_topic_count":0,"_bbp_total_reply_count":0,"_bbp_voice_count":0,"_bbp_anonymous_reply_count":0,"_bbp_topic_count_hidden":0,"_bbp_reply_count_hidden":0,"_bbp_forum_subforum_count":0,"_crdt_document":"","site-sidebar-layout":"no-sidebar","site-content-layout":"page-builder","ast-site-content-layout":"default","site-content-style":"default","site-sidebar-style":"default","ast-global-header-display":"","ast-banner-title-visibility":"","ast-main-header-display":"","ast-hfb-above-header-display":"","ast-hfb-below-header-display":"","ast-hfb-mobile-header-display":"","site-post-title":"disabled","ast-breadcrumbs-content":"","ast-featured-img":"disabled","footer-sml-layout":"","ast-disable-related-posts":"","theme-transparent-header-meta":"default","adv-header-id-meta":"","stick-header-meta":"","header-above-stick-meta":"","header-main-stick-meta":"","header-below-stick-meta":"","astra-migrate-meta-layouts":"default","ast-page-background-enabled":"default","ast-page-background-meta":{"desktop":{"background-color":"","background-image":"","background-repeat":"repeat","background-position":"center center","background-size":"auto","background-attachment":"scroll","background-type":"","background-media":"","overlay-type":"","overlay-color":"","overlay-opacity":"","overlay-gradient":""},"tablet":{"background-color":"","background-image":"","background-repeat":"repeat","background-position":"center center","background-size":"auto","background-attachment":"scroll","background-type":"","background-media":"","overlay-type":"","overlay-color":"","overlay-opacity":"","overlay-gradient":""},"mobile":{"background-color":"","background-image":"","background-repeat":"repeat","background-position":"center center","background-size":"auto","background-attachment":"scroll","background-type":"","background-media":"","overlay-type":"","overlay-color":"","overlay-opacity":"","overlay-gradient":""}},"ast-content-background-meta":{"desktop":{"background-color":"var(--ast-global-color-5)","background-image":"","background-repeat":"repeat","background-position":"center center","background-size":"auto","background-attachment":"scroll","background-type":"","background-media":"","overlay-type":"","overlay-color":"","overlay-opacity":"","overlay-gradient":""},"tablet":{"background-color":"var(--ast-global-color-5)","background-image":"","background-repeat":"repeat","background-position":"center center","background-size":"auto","background-attachment":"scroll","background-type":"","background-media":"","overlay-type":"","overlay-color":"","overlay-opacity":"","overlay-gradient":""},"mobile":{"background-color":"var(--ast-global-color-5)","background-image":"","background-repeat":"repeat","background-position":"center center","background-size":"auto","background-attachment":"scroll","background-type":"","background-media":"","overlay-type":"","overlay-color":"","overlay-opacity":"","overlay-gradient":""}},"footnotes":""},"class_list":["post-190","page","type-page","status-publish","hentry"],"acf":[],"jetpack_sharing_enabled":true,"_links":{"self":[{"href":"https:\/\/agroguatapuri.com\/index.php\/wp-json\/wp\/v2\/pages\/190","targetHints":{"allow":["GET"]}}],"collection":[{"href":"https:\/\/agroguatapuri.com\/index.php\/wp-json\/wp\/v2\/pages"}],"about":[{"href":"https:\/\/agroguatapuri.com\/index.php\/wp-json\/wp\/v2\/types\/page"}],"author":[{"embeddable":true,"href":"https:\/\/agroguatapuri.com\/index.php\/wp-json\/wp\/v2\/users\/2"}],"replies":[{"embeddable":true,"href":"https:\/\/agroguatapuri.com\/index.php\/wp-json\/wp\/v2\/comments?post=190"}],"version-history":[{"count":2,"href":"https:\/\/agroguatapuri.com\/index.php\/wp-json\/wp\/v2\/pages\/190\/revisions"}],"predecessor-version":[{"id":192,"href":"https:\/\/agroguatapuri.com\/index.php\/wp-json\/wp\/v2\/pages\/190\/revisions\/192"}],"up":[{"embeddable":true,"href":"https:\/\/agroguatapuri.com\/index.php\/wp-json\/wp\/v2\/pages\/185"}],"wp:attachment":[{"href":"https:\/\/agroguatapuri.com\/index.php\/wp-json\/wp\/v2\/media?parent=190"}],"curies":[{"name":"wp","href":"https:\/\/api.w.org\/{rel}","templated":true}]}}