{"id":2,"date":"2020-06-18T20:52:09","date_gmt":"2020-06-19T01:52:09","guid":{"rendered":"https:\/\/agroguatapuri.com\/?page_id=2"},"modified":"2020-06-21T10:48:13","modified_gmt":"2020-06-21T15:48:13","slug":"sample-page","status":"publish","type":"page","link":"https:\/\/agroguatapuri.com\/index.php\/servicios\/sample-page\/","title":{"rendered":"COMERCIALIZACI\u00d3N DE PRODUCTOS AGROPECUARIOS"},"content":{"rendered":"\t\t<div data-elementor-type=\"wp-page\" data-elementor-id=\"2\" class=\"elementor elementor-2\" data-elementor-post-type=\"page\">\n\t\t\t\t\t\t<section class=\"elementor-section elementor-top-section elementor-element elementor-element-362d05bf elementor-section-content-middle elementor-section-boxed elementor-section-height-default elementor-section-height-default\" data-id=\"362d05bf\" data-element_type=\"section\" data-e-type=\"section\">\n\t\t\t\t\t\t<div class=\"elementor-container elementor-column-gap-no\">\n\t\t\t\t\t<div class=\"elementor-column elementor-col-100 elementor-top-column elementor-element elementor-element-4fa7c048\" data-id=\"4fa7c048\" data-element_type=\"column\" data-e-type=\"column\">\n\t\t\t<div class=\"elementor-widget-wrap elementor-element-populated\">\n\t\t\t\t\t\t<div class=\"elementor-element elementor-element-5ab16224 elementor-widget elementor-widget-heading\" data-id=\"5ab16224\" data-element_type=\"widget\" data-e-type=\"widget\" data-widget_type=\"heading.default\">\n\t\t\t\t\t<h4 class=\"elementor-heading-title elementor-size-default\">COMERCIALIZACI\u00d3N DE PRODUCTOS AGROPECUARIOS<\/h4>\t\t\t\t<\/div>\n\t\t\t\t<div class=\"elementor-element elementor-element-365c10d8 elementor-widget elementor-widget-text-editor\" data-id=\"365c10d8\" data-element_type=\"widget\" data-e-type=\"widget\" data-widget_type=\"text-editor.default\">\n\t\t\t\t\t\t\t\t\t<ul><li><h3><span style=\"color: #339966;\"><strong><span style=\"text-decoration: underline;\">Panela Atanquera<\/span><\/strong><\/span><\/h3><\/li><li style=\"list-style-type: none;\"><ul><li><h3><span style=\"text-decoration: underline; color: #339966;\"><strong style=\"font-size: 27.04px;\">Caf\u00e9 de ORIGEN Kankuamo<\/strong><\/span><\/h3><\/li><\/ul><\/li><\/ul><ul><li><h3><span style=\"text-decoration: underline; color: #339966;\"><strong>FRUTALES<\/strong><\/span><\/h3><ul><li><h4><span style=\"color: #ff6600;\"><strong>Papaya<\/strong><\/span><\/h4><\/li><li><h4><span style=\"color: #ff6600;\"><strong>C\u00edtricos<\/strong><\/span><\/h4><\/li><li><h4><span style=\"color: #ff6600;\"><strong>Mango Kankuamo<\/strong><\/span><\/h4><\/li><li><h4><span style=\"color: #ff6600;\"><strong>Pi\u00f1a<\/strong><\/span><\/h4><\/li><li><h4><span style=\"color: #ff6600;\"><strong>Aguacate<\/strong><\/span><\/h4><\/li><li><h4><span style=\"color: #ff6600;\"><strong>Banano com\u00fan<\/strong><\/span><\/h4><\/li><li><h4><span style=\"color: #ff6600;\"><strong>Banano de exportaci\u00f3n<\/strong><\/span><\/h4><\/li><\/ul><\/li><\/ul><ul><li><h3><span style=\"text-decoration: underline; color: #339966;\"><strong>CEREALES<\/strong><\/span><\/h3><ul><li><h4><span style=\"color: #ff6600;\"><strong>Arroz<\/strong><\/span><\/h4><\/li><li><h4><span style=\"color: #ff6600;\"><strong>Ma\u00edz Amarillo<\/strong><\/span><\/h4><\/li><li><h4><span style=\"color: #ff6600;\"><strong>Ma\u00edz Blanco<\/strong><\/span><\/h4><\/li><li><h4><span style=\"color: #ff6600;\"><strong>otros Cereales<\/strong><\/span><\/h4><\/li><\/ul><\/li><\/ul><ul><li><h3><span style=\"text-decoration: underline; color: #339966;\"><strong>OTROS VEGETALES<\/strong><\/span><\/h3><ul><li><h4><span style=\"color: #ff6600;\"><strong>Flores y Follajes<\/strong><\/span><\/h4><\/li><li><h4><span style=\"color: #ff6600;\"><strong>Hortalizas, Verduras y Legumbres<\/strong><\/span><\/h4><\/li><li><h4><span style=\"color: #ff6600;\"><strong>Plantas Arom\u00e1ticas, Condimentarias y Medicinales<\/strong><\/span><\/h4><\/li><li><h4><span style=\"color: #ff6600;\"><strong>Plantas Forestales<\/strong><\/span><\/h4><\/li><\/ul><\/li><\/ul><ul><li><h3><span style=\"text-decoration: underline; color: #339966;\"><strong>ACTIVIDADES DE TRANSFORMACI\u00d3N<\/strong><\/span><\/h3><ul><li><h4><span style=\"color: #ff6600;\"><strong>De productos agr\u00edcolas<\/strong><\/span><\/h4><\/li><li><h4><span style=\"color: #ff6600;\"><strong>De productos forestales<\/strong><\/span><\/h4><\/li><li><h4><span style=\"color: #ff6600;\"><strong>De productos pecuarios<\/strong><\/span><\/h4><\/li><li><h4><span style=\"color: #ff6600;\"><strong>De alimentos y bebidas alcoh\u00f3licas<\/strong><\/span><\/h4><\/li><li><h4><span style=\"color: #ff6600;\"><strong>De artesan\u00edas<\/strong><\/span><\/h4><\/li><li><h4><span style=\"color: #ff6600;\"><strong>De biocombustibles<\/strong><\/span><\/h4><\/li><\/ul><\/li><\/ul>\t\t\t\t\t\t\t\t<\/div>\n\t\t\t\t<section class=\"elementor-section elementor-inner-section elementor-element elementor-element-10427090 elementor-section-content-middle elementor-section-boxed elementor-section-height-default elementor-section-height-default\" data-id=\"10427090\" data-element_type=\"section\" data-e-type=\"section\">\n\t\t\t\t\t\t<div class=\"elementor-container elementor-column-gap-no\">\n\t\t\t\t\t<div class=\"elementor-column elementor-col-100 elementor-inner-column elementor-element elementor-element-dc84150\" data-id=\"dc84150\" data-element_type=\"column\" data-e-type=\"column\">\n\t\t\t<div class=\"elementor-widget-wrap elementor-element-populated\">\n\t\t\t\t\t\t<div class=\"elementor-element elementor-element-65e3bc7d elementor-align-center elementor-widget elementor-widget-button\" data-id=\"65e3bc7d\" data-element_type=\"widget\" data-e-type=\"widget\" data-widget_type=\"button.default\">\n\t\t\t\t\t\t\t\t\t\t<a class=\"elementor-button elementor-button-link elementor-size-sm elementor-animation-grow\" href=\"#\">\n\t\t\t\t\t\t<span class=\"elementor-button-content-wrapper\">\n\t\t\t\t\t\t\t\t\t<span class=\"elementor-button-text\">Read More<\/span>\n\t\t\t\t\t<\/span>\n\t\t\t\t\t<\/a>\n\t\t\t\t\t\t\t\t<\/div>\n\t\t\t\t\t<\/div>\n\t\t<\/div>\n\t\t\t\t\t<\/div>\n\t\t<\/section>\n\t\t\t\t\t<\/div>\n\t\t<\/div>\n\t\t\t\t\t<\/div>\n\t\t<\/section>\n\t\t\t\t<\/div>\n\t\t","protected":false},"excerpt":{"rendered":"<p>COMERCIALIZACI\u00d3N DE PRODUCTOS AGROPECUARIOS Panela Atanquera Caf\u00e9 de ORIGEN Kankuamo FRUTALES Papaya C\u00edtricos Mango Kankuamo Pi\u00f1a Aguacate Banano com\u00fan Banano de exportaci\u00f3n CEREALES Arroz Ma\u00edz Amarillo Ma\u00edz Blanco otros Cereales OTROS VEGETALES Flores y Follajes Hortalizas, Verduras y Legumbres Plantas Arom\u00e1ticas, Condimentarias y Medicinales Plantas Forestales ACTIVIDADES DE TRANSFORMACI\u00d3N De productos agr\u00edcolas De productos forestales [&hellip;]<\/p>\n","protected":false},"author":1,"featured_media":0,"parent":182,"menu_order":1,"comment_status":"closed","ping_status":"closed","template":"","meta":{"_acf_changed":false,"_bbp_topic_count":0,"_bbp_reply_count":0,"_bbp_total_topic_count":0,"_bbp_total_reply_count":0,"_bbp_voice_count":0,"_bbp_anonymous_reply_count":0,"_bbp_topic_count_hidden":0,"_bbp_reply_count_hidden":0,"_bbp_forum_subforum_count":0,"_crdt_document":"","site-sidebar-layout":"default","site-content-layout":"default","ast-site-content-layout":"default","site-content-style":"default","site-sidebar-style":"default","ast-global-header-display":"","ast-banner-title-visibility":"","ast-main-header-display":"","ast-hfb-above-header-display":"","ast-hfb-below-header-display":"","ast-hfb-mobile-header-display":"","site-post-title":"disabled","ast-breadcrumbs-content":"","ast-featured-img":"","footer-sml-layout":"","ast-disable-related-posts":"","theme-transparent-header-meta":"default","adv-header-id-meta":"","stick-header-meta":"","header-above-stick-meta":"","header-main-stick-meta":"","header-below-stick-meta":"","astra-migrate-meta-layouts":"default","ast-page-background-enabled":"default","ast-page-background-meta":{"desktop":{"background-color":"","background-image":"","background-repeat":"repeat","background-position":"center center","background-size":"auto","background-attachment":"scroll","background-type":"","background-media":"","overlay-type":"","overlay-color":"","overlay-opacity":"","overlay-gradient":""},"tablet":{"background-color":"","background-image":"","background-repeat":"repeat","background-position":"center center","background-size":"auto","background-attachment":"scroll","background-type":"","background-media":"","overlay-type":"","overlay-color":"","overlay-opacity":"","overlay-gradient":""},"mobile":{"background-color":"","background-image":"","background-repeat":"repeat","background-position":"center center","background-size":"auto","background-attachment":"scroll","background-type":"","background-media":"","overlay-type":"","overlay-color":"","overlay-opacity":"","overlay-gradient":""}},"ast-content-background-meta":{"desktop":{"background-color":"var(--ast-global-color-5)","background-image":"","background-repeat":"repeat","background-position":"center center","background-size":"auto","background-attachment":"scroll","background-type":"","background-media":"","overlay-type":"","overlay-color":"","overlay-opacity":"","overlay-gradient":""},"tablet":{"background-color":"var(--ast-global-color-5)","background-image":"","background-repeat":"repeat","background-position":"center center","background-size":"auto","background-attachment":"scroll","background-type":"","background-media":"","overlay-type":"","overlay-color":"","overlay-opacity":"","overlay-gradient":""},"mobile":{"background-color":"var(--ast-global-color-5)","background-image":"","background-repeat":"repeat","background-position":"center center","background-size":"auto","background-attachment":"scroll","background-type":"","background-media":"","overlay-type":"","overlay-color":"","overlay-opacity":"","overlay-gradient":""}},"footnotes":""},"class_list":["post-2","page","type-page","status-publish","hentry"],"acf":[],"jetpack_sharing_enabled":true,"_links":{"self":[{"href":"https:\/\/agroguatapuri.com\/index.php\/wp-json\/wp\/v2\/pages\/2","targetHints":{"allow":["GET"]}}],"collection":[{"href":"https:\/\/agroguatapuri.com\/index.php\/wp-json\/wp\/v2\/pages"}],"about":[{"href":"https:\/\/agroguatapuri.com\/index.php\/wp-json\/wp\/v2\/types\/page"}],"author":[{"embeddable":true,"href":"https:\/\/agroguatapuri.com\/index.php\/wp-json\/wp\/v2\/users\/1"}],"replies":[{"embeddable":true,"href":"https:\/\/agroguatapuri.com\/index.php\/wp-json\/wp\/v2\/comments?post=2"}],"version-history":[{"count":19,"href":"https:\/\/agroguatapuri.com\/index.php\/wp-json\/wp\/v2\/pages\/2\/revisions"}],"predecessor-version":[{"id":248,"href":"https:\/\/agroguatapuri.com\/index.php\/wp-json\/wp\/v2\/pages\/2\/revisions\/248"}],"up":[{"embeddable":true,"href":"https:\/\/agroguatapuri.com\/index.php\/wp-json\/wp\/v2\/pages\/182"}],"wp:attachment":[{"href":"https:\/\/agroguatapuri.com\/index.php\/wp-json\/wp\/v2\/media?parent=2"}],"curies":[{"name":"wp","href":"https:\/\/api.w.org\/{rel}","templated":true}]}}