{"id":68,"date":"2020-06-20T16:58:40","date_gmt":"2020-06-20T21:58:40","guid":{"rendered":"https:\/\/agroguatapuri.com\/?page_id=68"},"modified":"2020-06-24T14:12:32","modified_gmt":"2020-06-24T19:12:32","slug":"apoyo-empresarial-a-proveedores","status":"publish","type":"page","link":"https:\/\/agroguatapuri.com\/index.php\/servicios\/apoyo-empresarial-a-proveedores\/","title":{"rendered":"APOYO EMPRESARIAL A PROVEEDORES"},"content":{"rendered":"\t\t<div data-elementor-type=\"wp-page\" data-elementor-id=\"68\" class=\"elementor elementor-68\" data-elementor-post-type=\"page\">\n\t\t\t\t\t\t<section class=\"elementor-section elementor-top-section elementor-element elementor-element-47d8a57c elementor-section-content-middle elementor-section-boxed elementor-section-height-default elementor-section-height-default\" data-id=\"47d8a57c\" data-element_type=\"section\" data-e-type=\"section\">\n\t\t\t\t\t\t<div class=\"elementor-container elementor-column-gap-no\">\n\t\t\t\t\t<div class=\"elementor-column elementor-col-100 elementor-top-column elementor-element elementor-element-2c0d575e\" data-id=\"2c0d575e\" data-element_type=\"column\" data-e-type=\"column\">\n\t\t\t<div class=\"elementor-widget-wrap elementor-element-populated\">\n\t\t\t\t\t\t<div class=\"elementor-element elementor-element-796b8e9e elementor-widget elementor-widget-heading\" data-id=\"796b8e9e\" data-element_type=\"widget\" data-e-type=\"widget\" data-widget_type=\"heading.default\">\n\t\t\t\t\t<h4 class=\"elementor-heading-title elementor-size-xl\">APOYO EMPRESARIAL A PROVEEDORES<\/h4>\t\t\t\t<\/div>\n\t\t\t\t<div class=\"elementor-element elementor-element-70d18656 elementor-widget elementor-widget-text-editor\" data-id=\"70d18656\" data-element_type=\"widget\" data-e-type=\"widget\" data-widget_type=\"text-editor.default\">\n\t\t\t\t\t\t\t\t\t<h3><strong><span style=\"color: #ff6600;\">Asesor\u00edas en la optimizaci\u00f3n y estandarizaci\u00f3n de los ciclos productivos de nuestros proveedores; ciclos de siembra o cr\u00eda, recolecci\u00f3n o levantamiento, procesamiento o desarrollo y comercializaci\u00f3n de productos, en las regiones de influencia.<\/span><\/strong><\/h3><h3><strong><span style=\"color: #ff6600;\">ASESOR\u00cdAS EN CURSO:<\/span><\/strong><\/h3><h3><strong><span style=\"color: #ff6600;\">*Proyecto Microindustrial BLOQUE VIBROPRENSADO para construcci\u00f3n<\/span><\/strong><\/h3><h3><strong><span style=\"color: #ff6600;\">*Proyecto Integrador de Turismo CA\u00d1AGUATE-TRIP<\/span><\/strong><\/h3><h3><strong><span style=\"color: #ff6600;\">*Proyecto Agroindustrial Frut\u00edcola Kankuamo<\/span><\/strong><\/h3><h3><strong><span style=\"color: #ff6600;\">\u00a0 \u00a0 \u00a0 * Cluster panelero Kankuamo . Asoprokan<\/span><\/strong><\/h3><h3><strong><span style=\"color: #ff6600;\">\u00a0 \u00a0 \u00a0 \u00a0 * Comercializaci\u00f3n de caf\u00e9 Kankuamo<\/span><\/strong><\/h3>\t\t\t\t\t\t\t\t<\/div>\n\t\t\t\t\t<\/div>\n\t\t<\/div>\n\t\t\t\t\t<\/div>\n\t\t<\/section>\n\t\t\t\t<\/div>\n\t\t","protected":false},"excerpt":{"rendered":"<p>APOYO EMPRESARIAL A PROVEEDORES Asesor\u00edas en la optimizaci\u00f3n y estandarizaci\u00f3n de los ciclos productivos de nuestros proveedores; ciclos de siembra o cr\u00eda, recolecci\u00f3n o levantamiento, procesamiento o desarrollo y comercializaci\u00f3n de productos, en las regiones de influencia. ASESOR\u00cdAS EN CURSO: *Proyecto Microindustrial BLOQUE VIBROPRENSADO para construcci\u00f3n *Proyecto Integrador de Turismo CA\u00d1AGUATE-TRIP *Proyecto Agroindustrial Frut\u00edcola Kankuamo [&hellip;]<\/p>\n","protected":false},"author":2,"featured_media":0,"parent":182,"menu_order":1,"comment_status":"closed","ping_status":"closed","template":"","meta":{"_acf_changed":false,"_bbp_topic_count":0,"_bbp_reply_count":0,"_bbp_total_topic_count":0,"_bbp_total_reply_count":0,"_bbp_voice_count":0,"_bbp_anonymous_reply_count":0,"_bbp_topic_count_hidden":0,"_bbp_reply_count_hidden":0,"_bbp_forum_subforum_count":0,"_crdt_document":"","site-sidebar-layout":"no-sidebar","site-content-layout":"page-builder","ast-site-content-layout":"default","site-content-style":"default","site-sidebar-style":"default","ast-global-header-display":"","ast-banner-title-visibility":"","ast-main-header-display":"","ast-hfb-above-header-display":"","ast-hfb-below-header-display":"","ast-hfb-mobile-header-display":"","site-post-title":"disabled","ast-breadcrumbs-content":"","ast-featured-img":"disabled","footer-sml-layout":"","ast-disable-related-posts":"","theme-transparent-header-meta":"default","adv-header-id-meta":"","stick-header-meta":"","header-above-stick-meta":"","header-main-stick-meta":"","header-below-stick-meta":"","astra-migrate-meta-layouts":"default","ast-page-background-enabled":"default","ast-page-background-meta":{"desktop":{"background-color":"","background-image":"","background-repeat":"repeat","background-position":"center center","background-size":"auto","background-attachment":"scroll","background-type":"","background-media":"","overlay-type":"","overlay-color":"","overlay-opacity":"","overlay-gradient":""},"tablet":{"background-color":"","background-image":"","background-repeat":"repeat","background-position":"center center","background-size":"auto","background-attachment":"scroll","background-type":"","background-media":"","overlay-type":"","overlay-color":"","overlay-opacity":"","overlay-gradient":""},"mobile":{"background-color":"","background-image":"","background-repeat":"repeat","background-position":"center center","background-size":"auto","background-attachment":"scroll","background-type":"","background-media":"","overlay-type":"","overlay-color":"","overlay-opacity":"","overlay-gradient":""}},"ast-content-background-meta":{"desktop":{"background-color":"var(--ast-global-color-5)","background-image":"","background-repeat":"repeat","background-position":"center center","background-size":"auto","background-attachment":"scroll","background-type":"","background-media":"","overlay-type":"","overlay-color":"","overlay-opacity":"","overlay-gradient":""},"tablet":{"background-color":"var(--ast-global-color-5)","background-image":"","background-repeat":"repeat","background-position":"center center","background-size":"auto","background-attachment":"scroll","background-type":"","background-media":"","overlay-type":"","overlay-color":"","overlay-opacity":"","overlay-gradient":""},"mobile":{"background-color":"var(--ast-global-color-5)","background-image":"","background-repeat":"repeat","background-position":"center center","background-size":"auto","background-attachment":"scroll","background-type":"","background-media":"","overlay-type":"","overlay-color":"","overlay-opacity":"","overlay-gradient":""}},"footnotes":""},"class_list":["post-68","page","type-page","status-publish","hentry"],"acf":[],"jetpack_sharing_enabled":true,"_links":{"self":[{"href":"https:\/\/agroguatapuri.com\/index.php\/wp-json\/wp\/v2\/pages\/68","targetHints":{"allow":["GET"]}}],"collection":[{"href":"https:\/\/agroguatapuri.com\/index.php\/wp-json\/wp\/v2\/pages"}],"about":[{"href":"https:\/\/agroguatapuri.com\/index.php\/wp-json\/wp\/v2\/types\/page"}],"author":[{"embeddable":true,"href":"https:\/\/agroguatapuri.com\/index.php\/wp-json\/wp\/v2\/users\/2"}],"replies":[{"embeddable":true,"href":"https:\/\/agroguatapuri.com\/index.php\/wp-json\/wp\/v2\/comments?post=68"}],"version-history":[{"count":18,"href":"https:\/\/agroguatapuri.com\/index.php\/wp-json\/wp\/v2\/pages\/68\/revisions"}],"predecessor-version":[{"id":275,"href":"https:\/\/agroguatapuri.com\/index.php\/wp-json\/wp\/v2\/pages\/68\/revisions\/275"}],"up":[{"embeddable":true,"href":"https:\/\/agroguatapuri.com\/index.php\/wp-json\/wp\/v2\/pages\/182"}],"wp:attachment":[{"href":"https:\/\/agroguatapuri.com\/index.php\/wp-json\/wp\/v2\/media?parent=68"}],"curies":[{"name":"wp","href":"https:\/\/api.w.org\/{rel}","templated":true}]}}